{"id":8424,"date":"2020-02-05T10:46:23","date_gmt":"2020-02-05T09:46:23","guid":{"rendered":"https:\/\/apacv.org\/fes-un-llegat\/"},"modified":"2023-07-26T12:30:30","modified_gmt":"2023-07-26T10:30:30","slug":"fes-un-llegat","status":"publish","type":"page","link":"https:\/\/apacv.org\/va\/fes-un-llegat\/","title":{"rendered":"Fes un llegat"},"content":{"rendered":"\t\t<div data-elementor-type=\"wp-page\" data-elementor-id=\"8424\" class=\"elementor elementor-8424 elementor-6295\">\n\t\t\t\t\t\t<section class=\"elementor-section elementor-top-section elementor-element elementor-element-8fea671 elementor-section-content-middle elementor-section-boxed elementor-section-height-default elementor-section-height-default\" data-id=\"8fea671\" data-element_type=\"section\" data-e-type=\"section\" data-settings=\"{&quot;background_background&quot;:&quot;gradient&quot;}\">\n\t\t\t\t\t\t\t<div class=\"elementor-background-overlay\"><\/div>\n\t\t\t\t\t\t\t<div class=\"elementor-container elementor-column-gap-no\">\n\t\t\t\t\t<div class=\"elementor-column elementor-col-100 elementor-top-column elementor-element elementor-element-1af4dc4\" data-id=\"1af4dc4\" data-element_type=\"column\" data-e-type=\"column\">\n\t\t\t<div class=\"elementor-widget-wrap elementor-element-populated\">\n\t\t\t\t\t\t<div class=\"elementor-element elementor-element-bc61d75 elementor-widget elementor-widget-heading\" data-id=\"bc61d75\" data-element_type=\"widget\" data-e-type=\"widget\" data-widget_type=\"heading.default\">\n\t\t\t\t<div class=\"elementor-widget-container\">\n\t\t\t\t\t<h1 class=\"elementor-heading-title elementor-size-default\">FES UN LLEGAT<\/h1>\t\t\t\t<\/div>\n\t\t\t\t<\/div>\n\t\t\t\t\t<\/div>\n\t\t<\/div>\n\t\t\t\t\t<\/div>\n\t\t<\/section>\n\t\t\t\t<section class=\"elementor-section elementor-top-section elementor-element elementor-element-5426689 elementor-section-boxed elementor-section-height-default elementor-section-height-default\" data-id=\"5426689\" data-element_type=\"section\" data-e-type=\"section\" data-settings=\"{&quot;background_background&quot;:&quot;classic&quot;}\">\n\t\t\t\t\t\t<div class=\"elementor-container elementor-column-gap-wider\">\n\t\t\t\t\t<div class=\"elementor-column elementor-col-50 elementor-top-column elementor-element elementor-element-20f3106\" data-id=\"20f3106\" data-element_type=\"column\" data-e-type=\"column\" data-settings=\"{&quot;background_background&quot;:&quot;classic&quot;}\">\n\t\t\t<div class=\"elementor-widget-wrap elementor-element-populated\">\n\t\t\t\t\t<div class=\"elementor-background-overlay\"><\/div>\n\t\t\t\t\t\t<div class=\"elementor-element elementor-element-575f3e4 elementor-widget elementor-widget-image\" data-id=\"575f3e4\" data-element_type=\"widget\" data-e-type=\"widget\" data-widget_type=\"image.default\">\n\t\t\t\t<div class=\"elementor-widget-container\">\n\t\t\t\t\t\t\t\t\t\t\t\t\t\t\t<img decoding=\"async\" src=\"https:\/\/apacv.org\/wp-content\/uploads\/elementor\/thumbs\/ayudanos-pagina-legado-r6wm34odtgrv1y3e1wnk2jx6e062x6dun7qkr9qswg.png\" title=\"ayudanos-pagina-legado\" alt=\"ayudanos-pagina-legado\" loading=\"lazy\" \/>\t\t\t\t\t\t\t\t\t\t\t\t\t\t\t<\/div>\n\t\t\t\t<\/div>\n\t\t\t\t<div class=\"elementor-element elementor-element-909fffc elementor-widget elementor-widget-text-editor\" data-id=\"909fffc\" data-element_type=\"widget\" data-e-type=\"widget\" data-widget_type=\"text-editor.default\">\n\t\t\t\t<div class=\"elementor-widget-container\">\n\t\t\t\t\t\t\t\t\t<p style=\"text-align: justify;\">Si desitges incloure a APACV com a benefici\u00e0ria de la teua her\u00e8ncia, com a hereua o legat\u00e0ria, pots fer-ho indicant en el testament la teua voluntat i demanant al marmessor que es comunique amb nosaltres.<\/p>\n<p style=\"text-align: justify;\">Deixant un llegat a APACV, els teus b\u00e9ns ajudaran al fet que continuem treballant per la igualtat d&#8217;oportunitats i la qualitat de vida de les persones amb autisme, fent el possible per deixar assegurar el seu futur i el seu benestar quan les persones del seu entorn familiar puguen faltar.<\/p>\n<p style=\"text-align: justify;\">\u00c9s important recordar que el testador continua sent propietari dels seus b\u00e9ns fins a la seua defunci\u00f3 i que en qualsevol moment pot modificar o revocar el seu testament.<\/p>\n<p style=\"text-align: justify;\">Si desitges m\u00e9s informaci\u00f3 o resoldre qualsevol dubte, per favor, telefona&#8217;ns als tel\u00e8fons<\/p>\n<\/p>\n<h3 style=\"text-align: center;\">965 13 40 00 \/ 965 92 05 67<\/h3>\n\t\t\t\t\t\t\t\t<\/div>\n\t\t\t\t<\/div>\n\t\t\t\t\t<\/div>\n\t\t<\/div>\n\t\t\t\t<div class=\"elementor-column elementor-col-50 elementor-top-column elementor-element elementor-element-7bdcb3c\" data-id=\"7bdcb3c\" data-element_type=\"column\" data-e-type=\"column\" data-settings=\"{&quot;background_background&quot;:&quot;classic&quot;}\">\n\t\t\t<div class=\"elementor-widget-wrap elementor-element-populated\">\n\t\t\t\t\t\t<div class=\"elementor-element elementor-element-8b101ef elementor-widget elementor-widget-text-editor\" data-id=\"8b101ef\" data-element_type=\"widget\" data-e-type=\"widget\" data-widget_type=\"text-editor.default\">\n\t\t\t\t<div class=\"elementor-widget-container\">\n\t\t\t\t\t\t\t\t\t<h3>Si ho prefereixes, pots deixar-nos les teues dades en el seg\u00fcent formulari:<\/h3>\n\t\t\t\t\t\t\t\t<\/div>\n\t\t\t\t<\/div>\n\t\t\t\t<div class=\"elementor-element elementor-element-3ce636c elementor-widget elementor-widget-shortcode\" data-id=\"3ce636c\" data-element_type=\"widget\" data-e-type=\"widget\" data-widget_type=\"shortcode.default\">\n\t\t\t\t<div class=\"elementor-widget-container\">\n\t\t\t\t\t\t\t<div class=\"elementor-shortcode\">\n<div class=\"wpcf7 no-js\" id=\"wpcf7-f2931-o1\" lang=\"es-ES\" dir=\"ltr\" data-wpcf7-id=\"2931\">\n<div class=\"screen-reader-response\"><p role=\"status\" aria-live=\"polite\" aria-atomic=\"true\"><\/p> <ul><\/ul><\/div>\n<form action=\"\/va\/wp-json\/wp\/v2\/pages\/8424#wpcf7-f2931-o1\" method=\"post\" class=\"wpcf7-form init\" aria-label=\"Contact form\" novalidate=\"novalidate\" data-status=\"init\">\n<fieldset class=\"hidden-fields-container\"><input type=\"hidden\" name=\"_wpcf7\" value=\"2931\" \/><input type=\"hidden\" name=\"_wpcf7_version\" value=\"6.1.5\" \/><input type=\"hidden\" name=\"_wpcf7_locale\" value=\"es_ES\" \/><input type=\"hidden\" name=\"_wpcf7_unit_tag\" value=\"wpcf7-f2931-o1\" \/><input type=\"hidden\" name=\"_wpcf7_container_post\" value=\"0\" \/><input type=\"hidden\" name=\"_wpcf7_posted_data_hash\" value=\"\" \/><input type=\"hidden\" name=\"_wpcf7_recaptcha_response\" value=\"\" \/>\n<\/fieldset>\n<p>Nombre (requerido)\n<\/p>\n<p><span class=\"wpcf7-form-control-wrap\" data-name=\"your-name\"><input size=\"40\" maxlength=\"400\" class=\"wpcf7-form-control wpcf7-text wpcf7-validates-as-required\" aria-required=\"true\" aria-invalid=\"false\" value=\"\" type=\"text\" name=\"your-name\" \/><\/span>\n<\/p>\n<p>E-mail (requerido)\n<\/p>\n<p><span class=\"wpcf7-form-control-wrap\" data-name=\"your-email\"><input size=\"40\" maxlength=\"400\" class=\"wpcf7-form-control wpcf7-email wpcf7-validates-as-required wpcf7-text wpcf7-validates-as-email\" aria-required=\"true\" aria-invalid=\"false\" value=\"\" type=\"email\" name=\"your-email\" \/><\/span>\n<\/p>\n<p>Mensaje\n<\/p>\n<p><span class=\"wpcf7-form-control-wrap\" data-name=\"your-message\"><textarea cols=\"40\" rows=\"10\" maxlength=\"2000\" class=\"wpcf7-form-control wpcf7-textarea\" aria-invalid=\"false\" name=\"your-message\"><\/textarea><\/span>\n<\/p>\n<p><span class=\"wpcf7-form-control-wrap\" data-name=\"aceptacion\"><span class=\"wpcf7-form-control wpcf7-acceptance\"><span class=\"wpcf7-list-item\"><label><input type=\"checkbox\" name=\"aceptacion\" value=\"1\" aria-invalid=\"false\" \/><span class=\"wpcf7-list-item-label\">Acepto<\/span><\/label><\/span><\/span><\/span> la <a href=\"https:\/\/apacv.org\/politica-de-privacidad\/\" target=\"_blank\">pol\u00edtica de privacidad<\/a>\n<\/p>\n<p><input class=\"wpcf7-form-control wpcf7-submit has-spinner\" type=\"submit\" value=\"Enviar\" \/>\n<\/p><div class=\"wpcf7-response-output\" aria-hidden=\"true\"><\/div>\n<\/form>\n<\/div>\n<\/div>\n\t\t\t\t\t\t<\/div>\n\t\t\t\t<\/div>\n\t\t\t\t\t<\/div>\n\t\t<\/div>\n\t\t\t\t\t<\/div>\n\t\t<\/section>\n\t\t\t\t<\/div>\n\t\t","protected":false},"excerpt":{"rendered":"<p>FES UN LLEGAT Si desitges incloure a APACV com a benefici\u00e0ria de la teua her\u00e8ncia, com a hereua o legat\u00e0ria, pots fer-ho indicant en el testament la teua voluntat i demanant al marmessor que es comunique amb nosaltres. Deixant un llegat a APACV, els teus b\u00e9ns ajudaran al fet que continuem treballant per la igualtat [&hellip;]<\/p>\n","protected":false},"author":4,"featured_media":0,"parent":0,"menu_order":0,"comment_status":"closed","ping_status":"closed","template":"","meta":{"site-sidebar-layout":"no-sidebar","site-content-layout":"page-builder","ast-site-content-layout":"default","site-content-style":"default","site-sidebar-style":"default","ast-global-header-display":"","ast-banner-title-visibility":"","ast-main-header-display":"","ast-hfb-above-header-display":"","ast-hfb-below-header-display":"","ast-hfb-mobile-header-display":"","site-post-title":"disabled","ast-breadcrumbs-content":"disabled","ast-featured-img":"disabled","footer-sml-layout":"","ast-disable-related-posts":"","theme-transparent-header-meta":"enabled","adv-header-id-meta":"","stick-header-meta":"","header-above-stick-meta":"","header-main-stick-meta":"","header-below-stick-meta":"","astra-migrate-meta-layouts":"default","ast-page-background-enabled":"default","ast-page-background-meta":{"desktop":{"background-color":"","background-image":"","background-repeat":"repeat","background-position":"center center","background-size":"auto","background-attachment":"scroll","background-type":"","background-media":"","overlay-type":"","overlay-color":"","overlay-opacity":"","overlay-gradient":""},"tablet":{"background-color":"","background-image":"","background-repeat":"repeat","background-position":"center center","background-size":"auto","background-attachment":"scroll","background-type":"","background-media":"","overlay-type":"","overlay-color":"","overlay-opacity":"","overlay-gradient":""},"mobile":{"background-color":"","background-image":"","background-repeat":"repeat","background-position":"center center","background-size":"auto","background-attachment":"scroll","background-type":"","background-media":"","overlay-type":"","overlay-color":"","overlay-opacity":"","overlay-gradient":""}},"ast-content-background-meta":{"desktop":{"background-color":"var(--ast-global-color-5)","background-image":"","background-repeat":"repeat","background-position":"center center","background-size":"auto","background-attachment":"scroll","background-type":"","background-media":"","overlay-type":"","overlay-color":"","overlay-opacity":"","overlay-gradient":""},"tablet":{"background-color":"var(--ast-global-color-5)","background-image":"","background-repeat":"repeat","background-position":"center center","background-size":"auto","background-attachment":"scroll","background-type":"","background-media":"","overlay-type":"","overlay-color":"","overlay-opacity":"","overlay-gradient":""},"mobile":{"background-color":"var(--ast-global-color-5)","background-image":"","background-repeat":"repeat","background-position":"center center","background-size":"auto","background-attachment":"scroll","background-type":"","background-media":"","overlay-type":"","overlay-color":"","overlay-opacity":"","overlay-gradient":""}},"footnotes":""},"class_list":["post-8424","page","type-page","status-publish","hentry"],"yoast_head":"<!-- This site is optimized with the Yoast SEO plugin v27.4 - https:\/\/yoast.com\/product\/yoast-seo-wordpress\/ -->\n<title>Fes un llegat - APACV | Asociaci\u00f3n Padres Autismo Comunidad Valenciana<\/title>\n<meta name=\"robots\" content=\"index, follow, max-snippet:-1, max-image-preview:large, max-video-preview:-1\" \/>\n<link rel=\"canonical\" href=\"https:\/\/apacv.org\/va\/fes-un-llegat\/\" \/>\n<meta property=\"og:locale\" content=\"en_US\" \/>\n<meta property=\"og:type\" content=\"article\" \/>\n<meta property=\"og:title\" content=\"Fes un llegat - APACV | Asociaci\u00f3n Padres Autismo Comunidad Valenciana\" \/>\n<meta property=\"og:description\" content=\"FES UN LLEGAT Si desitges incloure a APACV com a benefici\u00e0ria de la teua her\u00e8ncia, com a hereua o legat\u00e0ria, pots fer-ho indicant en el testament la teua voluntat i demanant al marmessor que es comunique amb nosaltres. Deixant un llegat a APACV, els teus b\u00e9ns ajudaran al fet que continuem treballant per la igualtat [&hellip;]\" \/>\n<meta property=\"og:url\" content=\"https:\/\/apacv.org\/va\/fes-un-llegat\/\" \/>\n<meta property=\"og:site_name\" content=\"APACV | Asociaci\u00f3n Padres Autismo Comunidad Valenciana\" \/>\n<meta property=\"article:modified_time\" content=\"2023-07-26T10:30:30+00:00\" \/>\n<meta property=\"og:image\" content=\"https:\/\/apacv.org\/wp-content\/uploads\/elementor\/thumbs\/ayudanos-pagina-legado-oybq5j1oa6slojne6ep9sasj5bm9ig2k8d8x79ev2o.png\" \/>\n<meta name=\"twitter:card\" content=\"summary_large_image\" \/>\n<meta name=\"twitter:site\" content=\"@APACV\" \/>\n<meta name=\"twitter:label1\" content=\"Est. reading time\" \/>\n\t<meta name=\"twitter:data1\" content=\"1 minute\" \/>\n<script type=\"application\/ld+json\" class=\"yoast-schema-graph\">{\"@context\":\"https:\\\/\\\/schema.org\",\"@graph\":[{\"@type\":\"WebPage\",\"@id\":\"https:\\\/\\\/apacv.org\\\/va\\\/fes-un-llegat\\\/\",\"url\":\"https:\\\/\\\/apacv.org\\\/va\\\/fes-un-llegat\\\/\",\"name\":\"Fes un llegat - APACV | Asociaci\u00f3n Padres Autismo Comunidad Valenciana\",\"isPartOf\":{\"@id\":\"https:\\\/\\\/apacv.org\\\/#website\"},\"primaryImageOfPage\":{\"@id\":\"https:\\\/\\\/apacv.org\\\/va\\\/fes-un-llegat\\\/#primaryimage\"},\"image\":{\"@id\":\"https:\\\/\\\/apacv.org\\\/va\\\/fes-un-llegat\\\/#primaryimage\"},\"thumbnailUrl\":\"https:\\\/\\\/apacv.org\\\/wp-content\\\/uploads\\\/elementor\\\/thumbs\\\/ayudanos-pagina-legado-oybq5j1oa6slojne6ep9sasj5bm9ig2k8d8x79ev2o.png\",\"datePublished\":\"2020-02-05T09:46:23+00:00\",\"dateModified\":\"2023-07-26T10:30:30+00:00\",\"breadcrumb\":{\"@id\":\"https:\\\/\\\/apacv.org\\\/va\\\/fes-un-llegat\\\/#breadcrumb\"},\"inLanguage\":\"va\",\"potentialAction\":[{\"@type\":\"ReadAction\",\"target\":[\"https:\\\/\\\/apacv.org\\\/va\\\/fes-un-llegat\\\/\"]}]},{\"@type\":\"ImageObject\",\"inLanguage\":\"va\",\"@id\":\"https:\\\/\\\/apacv.org\\\/va\\\/fes-un-llegat\\\/#primaryimage\",\"url\":\"https:\\\/\\\/apacv.org\\\/wp-content\\\/uploads\\\/elementor\\\/thumbs\\\/ayudanos-pagina-legado-oybq5j1oa6slojne6ep9sasj5bm9ig2k8d8x79ev2o.png\",\"contentUrl\":\"https:\\\/\\\/apacv.org\\\/wp-content\\\/uploads\\\/elementor\\\/thumbs\\\/ayudanos-pagina-legado-oybq5j1oa6slojne6ep9sasj5bm9ig2k8d8x79ev2o.png\"},{\"@type\":\"BreadcrumbList\",\"@id\":\"https:\\\/\\\/apacv.org\\\/va\\\/fes-un-llegat\\\/#breadcrumb\",\"itemListElement\":[{\"@type\":\"ListItem\",\"position\":1,\"name\":\"Portada\",\"item\":\"https:\\\/\\\/apacv.org\\\/va\\\/inici\\\/\"},{\"@type\":\"ListItem\",\"position\":2,\"name\":\"Fes un llegat\"}]},{\"@type\":\"WebSite\",\"@id\":\"https:\\\/\\\/apacv.org\\\/#website\",\"url\":\"https:\\\/\\\/apacv.org\\\/\",\"name\":\"APACV | Asociaci\u00f3n Padres Autismo Comunidad Valenciana\",\"description\":\"APACV | Asociaci&oacute;n Padres Autismo Comunidad Valenciana\",\"publisher\":{\"@id\":\"https:\\\/\\\/apacv.org\\\/#organization\"},\"potentialAction\":[{\"@type\":\"SearchAction\",\"target\":{\"@type\":\"EntryPoint\",\"urlTemplate\":\"https:\\\/\\\/apacv.org\\\/?s={search_term_string}\"},\"query-input\":{\"@type\":\"PropertyValueSpecification\",\"valueRequired\":true,\"valueName\":\"search_term_string\"}}],\"inLanguage\":\"va\"},{\"@type\":\"Organization\",\"@id\":\"https:\\\/\\\/apacv.org\\\/#organization\",\"name\":\"Asosciaci\u00f3n Padres Autismo Comunidad Valenciana\",\"url\":\"https:\\\/\\\/apacv.org\\\/\",\"logo\":{\"@type\":\"ImageObject\",\"inLanguage\":\"va\",\"@id\":\"https:\\\/\\\/apacv.org\\\/#\\\/schema\\\/logo\\\/image\\\/\",\"url\":\"\",\"contentUrl\":\"\",\"caption\":\"Asosciaci\u00f3n Padres Autismo Comunidad Valenciana\"},\"image\":{\"@id\":\"https:\\\/\\\/apacv.org\\\/#\\\/schema\\\/logo\\\/image\\\/\"},\"sameAs\":[\"https:\\\/\\\/x.com\\\/APACV\",\"https:\\\/\\\/www.instagram.com\\\/apacv_oficial\\\/\"]}]}<\/script>\n<!-- \/ Yoast SEO plugin. -->","yoast_head_json":{"title":"Fes un llegat - APACV | Asociaci\u00f3n Padres Autismo Comunidad Valenciana","robots":{"index":"index","follow":"follow","max-snippet":"max-snippet:-1","max-image-preview":"max-image-preview:large","max-video-preview":"max-video-preview:-1"},"canonical":"https:\/\/apacv.org\/va\/fes-un-llegat\/","og_locale":"en_US","og_type":"article","og_title":"Fes un llegat - APACV | Asociaci\u00f3n Padres Autismo Comunidad Valenciana","og_description":"FES UN LLEGAT Si desitges incloure a APACV com a benefici\u00e0ria de la teua her\u00e8ncia, com a hereua o legat\u00e0ria, pots fer-ho indicant en el testament la teua voluntat i demanant al marmessor que es comunique amb nosaltres. Deixant un llegat a APACV, els teus b\u00e9ns ajudaran al fet que continuem treballant per la igualtat [&hellip;]","og_url":"https:\/\/apacv.org\/va\/fes-un-llegat\/","og_site_name":"APACV | Asociaci\u00f3n Padres Autismo Comunidad Valenciana","article_modified_time":"2023-07-26T10:30:30+00:00","og_image":[{"url":"https:\/\/apacv.org\/wp-content\/uploads\/elementor\/thumbs\/ayudanos-pagina-legado-oybq5j1oa6slojne6ep9sasj5bm9ig2k8d8x79ev2o.png","type":"","width":"","height":""}],"twitter_card":"summary_large_image","twitter_site":"@APACV","twitter_misc":{"Est. reading time":"1 minute"},"schema":{"@context":"https:\/\/schema.org","@graph":[{"@type":"WebPage","@id":"https:\/\/apacv.org\/va\/fes-un-llegat\/","url":"https:\/\/apacv.org\/va\/fes-un-llegat\/","name":"Fes un llegat - APACV | Asociaci\u00f3n Padres Autismo Comunidad Valenciana","isPartOf":{"@id":"https:\/\/apacv.org\/#website"},"primaryImageOfPage":{"@id":"https:\/\/apacv.org\/va\/fes-un-llegat\/#primaryimage"},"image":{"@id":"https:\/\/apacv.org\/va\/fes-un-llegat\/#primaryimage"},"thumbnailUrl":"https:\/\/apacv.org\/wp-content\/uploads\/elementor\/thumbs\/ayudanos-pagina-legado-oybq5j1oa6slojne6ep9sasj5bm9ig2k8d8x79ev2o.png","datePublished":"2020-02-05T09:46:23+00:00","dateModified":"2023-07-26T10:30:30+00:00","breadcrumb":{"@id":"https:\/\/apacv.org\/va\/fes-un-llegat\/#breadcrumb"},"inLanguage":"va","potentialAction":[{"@type":"ReadAction","target":["https:\/\/apacv.org\/va\/fes-un-llegat\/"]}]},{"@type":"ImageObject","inLanguage":"va","@id":"https:\/\/apacv.org\/va\/fes-un-llegat\/#primaryimage","url":"https:\/\/apacv.org\/wp-content\/uploads\/elementor\/thumbs\/ayudanos-pagina-legado-oybq5j1oa6slojne6ep9sasj5bm9ig2k8d8x79ev2o.png","contentUrl":"https:\/\/apacv.org\/wp-content\/uploads\/elementor\/thumbs\/ayudanos-pagina-legado-oybq5j1oa6slojne6ep9sasj5bm9ig2k8d8x79ev2o.png"},{"@type":"BreadcrumbList","@id":"https:\/\/apacv.org\/va\/fes-un-llegat\/#breadcrumb","itemListElement":[{"@type":"ListItem","position":1,"name":"Portada","item":"https:\/\/apacv.org\/va\/inici\/"},{"@type":"ListItem","position":2,"name":"Fes un llegat"}]},{"@type":"WebSite","@id":"https:\/\/apacv.org\/#website","url":"https:\/\/apacv.org\/","name":"APACV | Asociaci\u00f3n Padres Autismo Comunidad Valenciana","description":"APACV | Asociaci&oacute;n Padres Autismo Comunidad Valenciana","publisher":{"@id":"https:\/\/apacv.org\/#organization"},"potentialAction":[{"@type":"SearchAction","target":{"@type":"EntryPoint","urlTemplate":"https:\/\/apacv.org\/?s={search_term_string}"},"query-input":{"@type":"PropertyValueSpecification","valueRequired":true,"valueName":"search_term_string"}}],"inLanguage":"va"},{"@type":"Organization","@id":"https:\/\/apacv.org\/#organization","name":"Asosciaci\u00f3n Padres Autismo Comunidad Valenciana","url":"https:\/\/apacv.org\/","logo":{"@type":"ImageObject","inLanguage":"va","@id":"https:\/\/apacv.org\/#\/schema\/logo\/image\/","url":"","contentUrl":"","caption":"Asosciaci\u00f3n Padres Autismo Comunidad Valenciana"},"image":{"@id":"https:\/\/apacv.org\/#\/schema\/logo\/image\/"},"sameAs":["https:\/\/x.com\/APACV","https:\/\/www.instagram.com\/apacv_oficial\/"]}]}},"_links":{"self":[{"href":"https:\/\/apacv.org\/va\/wp-json\/wp\/v2\/pages\/8424","targetHints":{"allow":["GET"]}}],"collection":[{"href":"https:\/\/apacv.org\/va\/wp-json\/wp\/v2\/pages"}],"about":[{"href":"https:\/\/apacv.org\/va\/wp-json\/wp\/v2\/types\/page"}],"author":[{"embeddable":true,"href":"https:\/\/apacv.org\/va\/wp-json\/wp\/v2\/users\/4"}],"replies":[{"embeddable":true,"href":"https:\/\/apacv.org\/va\/wp-json\/wp\/v2\/comments?post=8424"}],"version-history":[{"count":1,"href":"https:\/\/apacv.org\/va\/wp-json\/wp\/v2\/pages\/8424\/revisions"}],"predecessor-version":[{"id":8425,"href":"https:\/\/apacv.org\/va\/wp-json\/wp\/v2\/pages\/8424\/revisions\/8425"}],"wp:attachment":[{"href":"https:\/\/apacv.org\/va\/wp-json\/wp\/v2\/media?parent=8424"}],"curies":[{"name":"wp","href":"https:\/\/api.w.org\/{rel}","templated":true}]}}